{"id":8,"date":"2020-01-28T14:41:11","date_gmt":"2020-01-28T14:41:11","guid":{"rendered":"http:\/\/plan2030.alvearmendoza.gob.ar\/?page_id=8"},"modified":"2021-04-06T22:18:13","modified_gmt":"2021-04-06T22:18:13","slug":"plan-estrategico-2030","status":"publish","type":"page","link":"http:\/\/plan2030.alvearmendoza.gob.ar\/","title":{"rendered":"Plan Estrat\u00e9gico 2030"},"content":{"rendered":"<p>[et_pb_section fb_built=\u00bb1&#8243; _builder_version=\u00bb4.2.2&#8243; background_color=\u00bb#00385c\u00bb custom_padding=\u00bb5px||5px||false|false\u00bb][\/et_pb_section][et_pb_section fb_built=\u00bb1&#8243; _builder_version=\u00bb4.2.2&#8243; background_color=\u00bb#ededed\u00bb custom_padding=\u00bb||0px|||\u00bb][et_pb_row column_structure=\u00bb1_2,1_2&#8243; disabled_on=\u00bbon|on|off\u00bb _builder_version=\u00bb4.2.2&#8243; custom_padding=\u00bb|||155px||\u00bb][et_pb_column type=\u00bb1_2&#8243; _builder_version=\u00bb4.2.2&#8243;][et_pb_image src=\u00bbhttp:\/\/plan2030.alvearmendoza.gob.ar\/wp-content\/uploads\/2020\/01\/illus-min.png\u00bb _builder_version=\u00bb4.2.2&#8243; width=\u00bb439px\u00bb module_alignment=\u00bbright\u00bb animation_style=\u00bbslide\u00bb animation_direction=\u00bbleft\u00bb animation_intensity_slide=\u00bb3%\u00bb][\/et_pb_image][\/et_pb_column][et_pb_column type=\u00bb1_2&#8243; _builder_version=\u00bb4.2.2&#8243;][et_pb_image src=\u00bbhttp:\/\/plan2030.alvearmendoza.gob.ar\/wp-content\/uploads\/2020\/01\/pna-txt-min.png\u00bb _builder_version=\u00bb4.2.2&#8243; width=\u00bb266px\u00bb module_alignment=\u00bbleft\u00bb custom_padding=\u00bb74px|||||\u00bb animation_style=\u00bbslide\u00bb animation_direction=\u00bbright\u00bb animation_delay=\u00bb150ms\u00bb animation_intensity_slide=\u00bb3%\u00bb][\/et_pb_image][\/et_pb_column][\/et_pb_row][et_pb_row disabled_on=\u00bboff|off|on\u00bb _builder_version=\u00bb4.2.2&#8243; custom_padding=\u00bb3px|||||\u00bb][et_pb_column type=\u00bb4_4&#8243; _builder_version=\u00bb4.2.2&#8243;][et_pb_image src=\u00bbhttp:\/\/plan2030.alvearmendoza.gob.ar\/wp-content\/uploads\/2020\/01\/home-cabecera-movil-min.png\u00bb align=\u00bbcenter\u00bb _builder_version=\u00bb4.2.2&#8243; animation_style=\u00bbslide\u00bb animation_direction=\u00bbbottom\u00bb animation_intensity_slide=\u00bb4%\u00bb][\/et_pb_image][\/et_pb_column][\/et_pb_row][et_pb_row column_structure=\u00bb1_2,1_2&#8243; custom_padding_last_edited=\u00bbon|phone\u00bb _builder_version=\u00bb4.2.2&#8243; custom_padding=\u00bb||65px||false|false\u00bb custom_padding_tablet=\u00bb\u00bb custom_padding_phone=\u00bb||63px||false|false\u00bb][et_pb_column type=\u00bb1_2&#8243; _builder_version=\u00bb4.2.2&#8243;][et_pb_text disabled_on=\u00bbon|on|off\u00bb _builder_version=\u00bb4.2.2&#8243; text_font=\u00bbSignika Negative|700|||||||\u00bb text_text_color=\u00bb#00385c\u00bb text_font_size=\u00bb20px\u00bb header_text_align=\u00bbleft\u00bb header_text_color=\u00bb#00385c\u00bb header_font_size=\u00bb35px\u00bb custom_margin=\u00bb87px||-2px|||\u00bb custom_margin_tablet=\u00bb\u00bb custom_margin_phone=\u00bb15px||-2px||false|false\u00bb custom_margin_last_edited=\u00bbon|phone\u00bb animation_style=\u00bbslide\u00bb animation_direction=\u00bbright\u00bb animation_intensity_slide=\u00bb3%\u00bb]<\/p>\n<h1 class=\"heading\" style=\"text-align: right;\"><strong>Te invitamos a ser parte del futuro de Alvear<\/strong><\/h1>\n<p>[\/et_pb_text][et_pb_text disabled_on=\u00bbon|on|off\u00bb _builder_version=\u00bb4.2.2&#8243; text_font=\u00bbSignika Negative|700|||||||\u00bb text_text_color=\u00bb#00385c\u00bb header_text_color=\u00bb#00385c\u00bb header_font_size=\u00bb21px\u00bb animation_style=\u00bbslide\u00bb animation_direction=\u00bbleft\u00bb animation_delay=\u00bb150ms\u00bb animation_intensity_slide=\u00bb3%\u00bb header_font_size_tablet=\u00bb\u00bb header_font_size_phone=\u00bb16px\u00bb header_font_size_last_edited=\u00bbon|phone\u00bb]<\/p>\n<h1 class=\"heading\" style=\"text-align: right;\">Conoc\u00e9 los proyectos y particip\u00e1 con tu propuesta, sugerencia o idea.<\/h1>\n<p>[\/et_pb_text][et_pb_text disabled_on=\u00bboff|off|on\u00bb _builder_version=\u00bb4.2.2&#8243; text_font=\u00bbSignika Negative|700|||||||\u00bb text_text_color=\u00bb#00385c\u00bb text_font_size=\u00bb20px\u00bb header_text_align=\u00bbleft\u00bb header_text_color=\u00bb#00385c\u00bb header_font_size=\u00bb35px\u00bb custom_margin=\u00bb87px||-2px|||\u00bb custom_margin_tablet=\u00bb\u00bb custom_margin_phone=\u00bb15px||-2px||false|false\u00bb custom_margin_last_edited=\u00bbon|phone\u00bb animation_style=\u00bbslide\u00bb animation_direction=\u00bbright\u00bb animation_intensity_slide=\u00bb3%\u00bb]<\/p>\n<h1 class=\"heading\" style=\"text-align: center;\"><strong>Te invitamos a ser parte del futuro de Alvear<\/strong><\/h1>\n<p>[\/et_pb_text][et_pb_text disabled_on=\u00bboff|off|on\u00bb _builder_version=\u00bb4.2.2&#8243; text_font=\u00bbSignika Negative|700|||||||\u00bb text_text_color=\u00bb#00385c\u00bb header_text_color=\u00bb#00385c\u00bb header_font_size=\u00bb21px\u00bb animation_style=\u00bbslide\u00bb animation_direction=\u00bbleft\u00bb animation_delay=\u00bb150ms\u00bb animation_intensity_slide=\u00bb3%\u00bb header_font_size_tablet=\u00bb\u00bb header_font_size_phone=\u00bb16px\u00bb header_font_size_last_edited=\u00bbon|phone\u00bb]<\/p>\n<h1 class=\"heading\" style=\"text-align: center;\">Conoc\u00e9 los proyectos y particip\u00e1 con tu propuesta, sugerencia o idea.<\/h1>\n<p>[\/et_pb_text][\/et_pb_column][et_pb_column type=\u00bb1_2&#8243; _builder_version=\u00bb4.2.2&#8243;][et_pb_code _builder_version=\u00bb4.4.0&#8243;]<iframe width=\"560\" height=\"315\" src=\"https:\/\/www.youtube.com\/embed\/tsxredpu5ng?rel=0&#038;autoplay=1\" frameborder=\"0\" allow=\"accelerometer; autoplay; encrypted-media; gyroscope; picture-in-picture\" allowfullscreen><\/iframe>[\/et_pb_code][\/et_pb_column][\/et_pb_row][\/et_pb_section][et_pb_section fb_built=\u00bb1&#8243; _builder_version=\u00bb4.2.2&#8243; background_image=\u00bbhttp:\/\/plan2030.alvearmendoza.gob.ar\/wp-content\/uploads\/2020\/01\/fondo.jpg\u00bb background_size=\u00bbcontain\u00bb background_position=\u00bbbottom_center\u00bb background_repeat=\u00bbrepeat-x\u00bb custom_padding=\u00bb0px||0px||false|false\u00bb][et_pb_row _builder_version=\u00bb4.2.2&#8243; width_tablet=\u00bb\u00bb width_phone=\u00bb100%\u00bb width_last_edited=\u00bbon|phone\u00bb custom_padding=\u00bb0px||0px|||\u00bb][et_pb_column type=\u00bb4_4&#8243; _builder_version=\u00bb4.2.2&#8243;][et_pb_text _builder_version=\u00bb4.2.2&#8243; header_2_font=\u00bbSing House||||||||\u00bb header_2_text_color=\u00bb#ffffff\u00bb header_2_font_size=\u00bb44px\u00bb header_3_font_size=\u00bb20px\u00bb use_background_color_gradient=\u00bbon\u00bb background_color_gradient_start=\u00bb#e19e1a\u00bb background_color_gradient_end=\u00bb#e7af19&#8243; background_color_gradient_type=\u00bbradial\u00bb width=\u00bb64%\u00bb width_tablet=\u00bb\u00bb width_phone=\u00bb80%\u00bb width_last_edited=\u00bbon|phone\u00bb module_alignment=\u00bbcenter\u00bb custom_padding=\u00bb32px||16px|2px|false|false\u00bb custom_padding_tablet=\u00bb\u00bb custom_padding_phone=\u00bb21px|11px|12px|10px|false|false\u00bb custom_padding_last_edited=\u00bbon|phone\u00bb animation_style=\u00bbslide\u00bb animation_delay=\u00bb450ms\u00bb animation_intensity_slide=\u00bb3%\u00bb header_2_font_size_tablet=\u00bb\u00bb header_2_font_size_phone=\u00bb34px\u00bb header_2_font_size_last_edited=\u00bbon|desktop\u00bb border_radii=\u00bbon|14px|14px|14px|14px\u00bb]<\/p>\n<h2 style=\"text-align: center;\">El futuro es hoy, te invitamos a construirlo!<\/h2>\n<p>[\/et_pb_text][\/et_pb_column][\/et_pb_row][\/et_pb_section][et_pb_section fb_built=\u00bb1&#8243; _builder_version=\u00bb4.2.2&#8243; custom_padding=\u00bb0px||46px|||\u00bb][et_pb_row _builder_version=\u00bb4.2.2&#8243;][et_pb_column type=\u00bb4_4&#8243; _builder_version=\u00bb4.2.2&#8243;][et_pb_text _builder_version=\u00bb4.2.2&#8243; text_font=\u00bbSignika Negative|700|||||||\u00bb text_text_color=\u00bb#00385c\u00bb text_font_size=\u00bb9px\u00bb header_text_color=\u00bb#00385c\u00bb header_font_size=\u00bb25px\u00bb animation_style=\u00bbslide\u00bb animation_delay=\u00bb700ms\u00bb animation_intensity_slide=\u00bb3%\u00bb header_font_size_tablet=\u00bb\u00bb header_font_size_phone=\u00bb27px\u00bb header_font_size_last_edited=\u00bbon|phone\u00bb]<\/p>\n<h1 class=\"heading\" style=\"text-align: center;\"><strong>Alvear te necesita<\/strong>, juntos tenemos mucho para dar<br \/> y sentirnos orgullosos de nuestra tierra.<\/h1>\n<p>[\/et_pb_text][\/et_pb_column][\/et_pb_row][et_pb_row _builder_version=\u00bb4.2.2&#8243; animation_style=\u00bbslide\u00bb animation_direction=\u00bbbottom\u00bb animation_intensity_slide=\u00bb4%\u00bb][et_pb_column type=\u00bb4_4&#8243; _builder_version=\u00bb4.2.2&#8243;][et_pb_text _builder_version=\u00bb4.2.2&#8243; text_font=\u00bbSignika Negative|700|||||||\u00bb text_text_color=\u00bb#00385c\u00bb header_text_color=\u00bb#00385c\u00bb custom_margin=\u00bb||-4px|||\u00bb]<\/p>\n<h1 class=\"heading\" style=\"text-align: center;\"><strong>BIENVENIDOS<\/strong><\/h1>\n<p>[\/et_pb_text][et_pb_divider color=\u00bb#00385c\u00bb divider_style=\u00bbdotted\u00bb divider_weight=\u00bb1px\u00bb _builder_version=\u00bb4.2.2&#8243; width=\u00bb67%\u00bb width_tablet=\u00bb\u00bb width_phone=\u00bb100%\u00bb width_last_edited=\u00bbon|phone\u00bb module_alignment=\u00bbcenter\u00bb custom_margin=\u00bb0px||7px||false|false\u00bb custom_padding=\u00bb0px||||false|false\u00bb animation_style=\u00bbzoom\u00bb animation_delay=\u00bb300ms\u00bb animation_intensity_zoom=\u00bb56%\u00bb][\/et_pb_divider][\/et_pb_column][\/et_pb_row][et_pb_row column_structure=\u00bb1_2,1_2&#8243; _builder_version=\u00bb4.2.2&#8243; width=\u00bb60%\u00bb width_tablet=\u00bb100%\u00bb width_phone=\u00bb91%\u00bb width_last_edited=\u00bbon|desktop\u00bb custom_margin=\u00bb-29px|auto||auto||\u00bb animation_style=\u00bbslide\u00bb animation_direction=\u00bbbottom\u00bb animation_intensity_slide=\u00bb3%\u00bb][et_pb_column type=\u00bb1_2&#8243; _builder_version=\u00bb4.2.2&#8243;][et_pb_text _builder_version=\u00bb4.2.2&#8243; text_font=\u00bbSignika Negative||||||||\u00bb text_text_color=\u00bb#00385c\u00bb text_font_size=\u00bb17px\u00bb header_font=\u00bbSignika Negative||||||||\u00bb]<\/p>\n<p style=\"text-align: center;\">\u00bfSos un ciudadano o ciudadana interesado<br \/> por conocer m\u00e1s sobre el plan? Ingres\u00e1 Aqu\u00ed<\/p>\n<p>[\/et_pb_text][et_pb_button button_url=\u00bbhttp:\/\/plan2030ciudadano.alvearmendoza.gob.ar\/membership-login\/\u00bb button_text=\u00bbACCESO CIUDADANO\u00bb button_alignment=\u00bbcenter\u00bb _builder_version=\u00bb4.9.1&#8243; custom_button=\u00bbon\u00bb button_text_size=\u00bb20px\u00bb button_text_color=\u00bb#ffffff\u00bb button_bg_color=\u00bb#d3a425&#8243; button_border_width=\u00bb0px\u00bb button_border_radius=\u00bb5px\u00bb button_font=\u00bbSignika Negative||||||||\u00bb button_icon=\u00bb%%28%%\u00bb animation_style=\u00bbslide\u00bb animation_direction=\u00bbbottom\u00bb animation_delay=\u00bb300ms\u00bb animation_intensity_slide=\u00bb6%\u00bb][\/et_pb_button][et_pb_text _builder_version=\u00bb4.9.2&#8243; text_font=\u00bbSignika Negative||||||||\u00bb text_text_color=\u00bb#00385c\u00bb text_font_size=\u00bb17px\u00bb header_font=\u00bbSignika Negative||||||||\u00bb hover_enabled=\u00bb0&#8243; sticky_enabled=\u00bb0&#8243;]<\/p>\n<p style=\"text-align: center;\">Si no ten\u00e9s usuario podr\u00e1s registrarte<br \/>y generar uno para vos. <a href=\"http:\/\/plan2030ciudadano.alvearmendoza.gob.ar\/registro\/\">Click Aqu\u00ed<\/a><\/p>\n<p>[\/et_pb_text][\/et_pb_column][et_pb_column type=\u00bb1_2&#8243; _builder_version=\u00bb4.2.2&#8243;][et_pb_text _builder_version=\u00bb4.2.2&#8243; text_font=\u00bbSignika Negative||||||||\u00bb text_text_color=\u00bb#00385c\u00bb text_font_size=\u00bb17px\u00bb header_font=\u00bbSignika Negative||||||||\u00bb]<\/p>\n<p style=\"text-align: center;\">\u00bfSos una instituci\u00f3n o usuario<br \/> del equipo de trabajo? Ingres\u00e1 Aqu\u00ed<\/p>\n<p>[\/et_pb_text][et_pb_button button_url=\u00bbhttp:\/\/plan2030usuario.alvearmendoza.gob.ar\/membership-login\/\u00bb button_text=\u00bbACCESO USUARIO\u00bb button_alignment=\u00bbcenter\u00bb _builder_version=\u00bb4.9.1&#8243; custom_button=\u00bbon\u00bb button_text_size=\u00bb20px\u00bb button_text_color=\u00bb#ffffff\u00bb button_bg_color=\u00bb#00385c\u00bb button_border_width=\u00bb0px\u00bb button_border_radius=\u00bb5px\u00bb button_font=\u00bbSignika Negative||||||||\u00bb button_icon=\u00bb%%28%%\u00bb animation_style=\u00bbslide\u00bb animation_direction=\u00bbbottom\u00bb animation_delay=\u00bb500ms\u00bb animation_intensity_slide=\u00bb3%\u00bb][\/et_pb_button][\/et_pb_column][\/et_pb_row][\/et_pb_section][et_pb_section fb_built=\u00bb1&#8243; _builder_version=\u00bb4.2.2&#8243; custom_padding=\u00bb0px||0px|||\u00bb][et_pb_row _builder_version=\u00bb4.2.2&#8243; custom_padding=\u00bb||20px|||\u00bb][et_pb_column type=\u00bb4_4&#8243; _builder_version=\u00bb4.2.2&#8243;][et_pb_image src=\u00bbhttp:\/\/plan2030.alvearmendoza.gob.ar\/wp-content\/uploads\/2020\/01\/logos.jpg\u00bb url=\u00bbhttp:\/\/www.alvearmendoza.gob.ar\u00bb url_new_window=\u00bbon\u00bb align=\u00bbcenter\u00bb _builder_version=\u00bb4.2.2&#8243; width=\u00bb356px\u00bb width_tablet=\u00bb\u00bb width_phone=\u00bb87%\u00bb width_last_edited=\u00bbon|phone\u00bb][\/et_pb_image][\/et_pb_column][\/et_pb_row][\/et_pb_section][et_pb_section fb_built=\u00bb1&#8243; _builder_version=\u00bb4.2.2&#8243; background_color=\u00bb#494949&#8243; custom_padding=\u00bb20px||23px|||\u00bb][et_pb_row _builder_version=\u00bb4.2.2&#8243;][et_pb_column type=\u00bb4_4&#8243; _builder_version=\u00bb4.2.2&#8243;][et_pb_text _builder_version=\u00bb4.2.2&#8243;]<\/p>\n<p style=\"text-align: center;\"><span style=\"color: #ffffff;\">Plan Estrat\u00e9gico 2030 | Municipalidad de General Alvear | Mza.<\/span><\/p>\n<p>[\/et_pb_text][\/et_pb_column][\/et_pb_row][\/et_pb_section]<\/p>\n","protected":false},"excerpt":{"rendered":"<p>[et_pb_section fb_built=\u00bb1&#8243; _builder_version=\u00bb4.2.2&#8243; background_color=\u00bb#00385c\u00bb custom_padding=\u00bb5px||5px||false|false\u00bb][\/et_pb_section][et_pb_section fb_built=\u00bb1&#8243; _builder_version=\u00bb4.2.2&#8243; background_color=\u00bb#ededed\u00bb custom_padding=\u00bb||0px|||\u00bb][et_pb_row column_structure=\u00bb1_2,1_2&#8243; disabled_on=\u00bbon|on|off\u00bb _builder_version=\u00bb4.2.2&#8243; custom_padding=\u00bb|||155px||\u00bb][et_pb_column type=\u00bb1_2&#8243; _builder_version=\u00bb4.2.2&#8243;][et_pb_image src=\u00bbhttp:\/\/plan2030.alvearmendoza.gob.ar\/wp-content\/uploads\/2020\/01\/illus-min.png\u00bb _builder_version=\u00bb4.2.2&#8243; width=\u00bb439px\u00bb module_alignment=\u00bbright\u00bb animation_style=\u00bbslide\u00bb animation_direction=\u00bbleft\u00bb animation_intensity_slide=\u00bb3%\u00bb][\/et_pb_image][\/et_pb_column][et_pb_column type=\u00bb1_2&#8243; _builder_version=\u00bb4.2.2&#8243;][et_pb_image src=\u00bbhttp:\/\/plan2030.alvearmendoza.gob.ar\/wp-content\/uploads\/2020\/01\/pna-txt-min.png\u00bb _builder_version=\u00bb4.2.2&#8243; width=\u00bb266px\u00bb module_alignment=\u00bbleft\u00bb custom_padding=\u00bb74px|||||\u00bb animation_style=\u00bbslide\u00bb animation_direction=\u00bbright\u00bb animation_delay=\u00bb150ms\u00bb animation_intensity_slide=\u00bb3%\u00bb][\/et_pb_image][\/et_pb_column][\/et_pb_row][et_pb_row disabled_on=\u00bboff|off|on\u00bb _builder_version=\u00bb4.2.2&#8243; custom_padding=\u00bb3px|||||\u00bb][et_pb_column type=\u00bb4_4&#8243; _builder_version=\u00bb4.2.2&#8243;][et_pb_image src=\u00bbhttp:\/\/plan2030.alvearmendoza.gob.ar\/wp-content\/uploads\/2020\/01\/home-cabecera-movil-min.png\u00bb align=\u00bbcenter\u00bb _builder_version=\u00bb4.2.2&#8243; animation_style=\u00bbslide\u00bb animation_direction=\u00bbbottom\u00bb animation_intensity_slide=\u00bb4%\u00bb][\/et_pb_image][\/et_pb_column][\/et_pb_row][et_pb_row column_structure=\u00bb1_2,1_2&#8243; custom_padding_last_edited=\u00bbon|phone\u00bb _builder_version=\u00bb4.2.2&#8243; custom_padding=\u00bb||65px||false|false\u00bb custom_padding_tablet=\u00bb\u00bb custom_padding_phone=\u00bb||63px||false|false\u00bb][et_pb_column type=\u00bb1_2&#8243; _builder_version=\u00bb4.2.2&#8243;][et_pb_text disabled_on=\u00bbon|on|off\u00bb _builder_version=\u00bb4.2.2&#8243; text_font=\u00bbSignika [&hellip;]<\/p>\n","protected":false},"author":1,"featured_media":0,"parent":0,"menu_order":0,"comment_status":"closed","ping_status":"closed","template":"page-template-blank.php","meta":{"_et_pb_use_builder":"on","_et_pb_old_content":"","_et_gb_content_width":""},"_links":{"self":[{"href":"http:\/\/plan2030.alvearmendoza.gob.ar\/index.php\/wp-json\/wp\/v2\/pages\/8"}],"collection":[{"href":"http:\/\/plan2030.alvearmendoza.gob.ar\/index.php\/wp-json\/wp\/v2\/pages"}],"about":[{"href":"http:\/\/plan2030.alvearmendoza.gob.ar\/index.php\/wp-json\/wp\/v2\/types\/page"}],"author":[{"embeddable":true,"href":"http:\/\/plan2030.alvearmendoza.gob.ar\/index.php\/wp-json\/wp\/v2\/users\/1"}],"replies":[{"embeddable":true,"href":"http:\/\/plan2030.alvearmendoza.gob.ar\/index.php\/wp-json\/wp\/v2\/comments?post=8"}],"version-history":[{"count":56,"href":"http:\/\/plan2030.alvearmendoza.gob.ar\/index.php\/wp-json\/wp\/v2\/pages\/8\/revisions"}],"predecessor-version":[{"id":119,"href":"http:\/\/plan2030.alvearmendoza.gob.ar\/index.php\/wp-json\/wp\/v2\/pages\/8\/revisions\/119"}],"wp:attachment":[{"href":"http:\/\/plan2030.alvearmendoza.gob.ar\/index.php\/wp-json\/wp\/v2\/media?parent=8"}],"curies":[{"name":"wp","href":"https:\/\/api.w.org\/{rel}","templated":true}]}}